{"id":46,"date":"2023-01-03T11:31:43","date_gmt":"2023-01-03T11:31:43","guid":{"rendered":"http:\/\/localhost\/selfoods-web\/?page_id=46"},"modified":"2024-10-28T08:25:24","modified_gmt":"2024-10-28T08:25:24","slug":"aviso-legal","status":"publish","type":"page","link":"https:\/\/alnupstours.com\/es\/aviso-legal\/","title":{"rendered":"Aviso legal"},"content":{"rendered":"<p><strong>Informaci\u00f3n Corporativa:<\/strong><br \/>\nEn virtud de la Ley 34\/2002, de Servicios de la Sociedad de la Informaci\u00f3n y Comercio Electr\u00f3nico, informamos que la presente Web es propiedad de ALAIN FERNANDEZ SL, con domicilio sito en C\/ Can Prat de la Mitjavila, 2, Cam\u00f3s, Girona (17834)\u00a0y direcci\u00f3n de correo electr\u00f3nico <a title=\"mailto:Alainfer.4@gmail.com\" href=\"mailto:alainfer.4@gmail.com\" data-outlook-id=\"26455301-110b-48d7-8370-46887a54db16\"><span class=\"outlook-search-highlight\" data-markjs=\"true\">alain<\/span>fer.4@gmail.com<\/a>.<\/p>\n<p><strong>Protecci\u00f3n de Contenidos:<\/strong><br \/>\nTodo el contenido de la presente p\u00e1gina Web, incluidos los textos, marcas, signos distintivos logos, im\u00e1genes, gr\u00e1ficos y dise\u00f1os, son propiedad de ALAIN FERNANDEZ SL y est\u00e1n protegidos por la legislaci\u00f3n vigente en materia de Propiedad Intelectual. En ning\u00fan caso el acceso al portal por parte del usuario le otorga derecho sobre dicho contenido, ni siquiera para su mera reproducci\u00f3n para uso personal.<\/p>\n","protected":false},"excerpt":{"rendered":"<p>Informaci\u00f3n Corporativa: En virtud de la Ley 34\/2002, de Servicios de la Sociedad de la Informaci\u00f3n y Comercio Electr\u00f3nico, informamos que la presente Web es propiedad de ALAIN FERNANDEZ SL, con domicilio sito en C\/ Can Prat de la Mitjavila, 2, Cam\u00f3s, Girona (17834)\u00a0y direcci\u00f3n de correo electr\u00f3nico alainfer.4@gmail.com. Protecci\u00f3n de Contenidos: Todo el contenido [&hellip;]<\/p>\n","protected":false},"author":1,"featured_media":0,"parent":0,"menu_order":5,"comment_status":"closed","ping_status":"closed","template":"template-simple.php","meta":{"footnotes":""},"class_list":["post-46","page","type-page","status-publish","hentry"],"yoast_head":"<!-- This site is optimized with the Yoast SEO plugin v27.4 - https:\/\/yoast.com\/product\/yoast-seo-wordpress\/ -->\n<title>Aviso legal - Alain<\/title>\n<meta name=\"robots\" content=\"index, follow, max-snippet:-1, max-image-preview:large, max-video-preview:-1\" \/>\n<link rel=\"canonical\" href=\"https:\/\/alnupstours.com\/legal-notice\/\" \/>\n<meta property=\"og:locale\" content=\"es_ES\" \/>\n<meta property=\"og:type\" content=\"article\" \/>\n<meta property=\"og:title\" content=\"Aviso legal - Alain\" \/>\n<meta property=\"og:description\" content=\"Informaci\u00f3n Corporativa: En virtud de la Ley 34\/2002, de Servicios de la Sociedad de la Informaci\u00f3n y Comercio Electr\u00f3nico, informamos que la presente Web es propiedad de ALAIN FERNANDEZ SL, con domicilio sito en C\/ Can Prat de la Mitjavila, 2, Cam\u00f3s, Girona (17834)\u00a0y direcci\u00f3n de correo electr\u00f3nico alainfer.4@gmail.com. Protecci\u00f3n de Contenidos: Todo el contenido [&hellip;]\" \/>\n<meta property=\"og:url\" content=\"https:\/\/alnupstours.com\/legal-notice\/\" \/>\n<meta property=\"og:site_name\" content=\"Alain\" \/>\n<meta property=\"article:modified_time\" content=\"2024-10-28T08:25:24+00:00\" \/>\n<meta name=\"twitter:card\" content=\"summary_large_image\" \/>\n<meta name=\"twitter:label1\" content=\"Tiempo de lectura\" \/>\n\t<meta name=\"twitter:data1\" content=\"1 minuto\" \/>\n<script type=\"application\/ld+json\" class=\"yoast-schema-graph\">{\"@context\":\"https:\\\/\\\/schema.org\",\"@graph\":[{\"@type\":\"WebPage\",\"@id\":\"https:\\\/\\\/alnupstours.com\\\/legal-notice\\\/\",\"url\":\"https:\\\/\\\/alnupstours.com\\\/legal-notice\\\/\",\"name\":\"Aviso legal - Alain\",\"isPartOf\":{\"@id\":\"https:\\\/\\\/alnupstours.com\\\/#website\"},\"datePublished\":\"2023-01-03T11:31:43+00:00\",\"dateModified\":\"2024-10-28T08:25:24+00:00\",\"breadcrumb\":{\"@id\":\"https:\\\/\\\/alnupstours.com\\\/legal-notice\\\/#breadcrumb\"},\"inLanguage\":\"es\",\"potentialAction\":[{\"@type\":\"ReadAction\",\"target\":[\"https:\\\/\\\/alnupstours.com\\\/legal-notice\\\/\"]}]},{\"@type\":\"BreadcrumbList\",\"@id\":\"https:\\\/\\\/alnupstours.com\\\/legal-notice\\\/#breadcrumb\",\"itemListElement\":[{\"@type\":\"ListItem\",\"position\":1,\"name\":\"Portada\",\"item\":\"https:\\\/\\\/alnupstours.com\\\/\"},{\"@type\":\"ListItem\",\"position\":2,\"name\":\"Aviso legal\"}]},{\"@type\":\"WebSite\",\"@id\":\"https:\\\/\\\/alnupstours.com\\\/#website\",\"url\":\"https:\\\/\\\/alnupstours.com\\\/\",\"name\":\"Alain\",\"description\":\"\",\"potentialAction\":[{\"@type\":\"SearchAction\",\"target\":{\"@type\":\"EntryPoint\",\"urlTemplate\":\"https:\\\/\\\/alnupstours.com\\\/?s={search_term_string}\"},\"query-input\":{\"@type\":\"PropertyValueSpecification\",\"valueRequired\":true,\"valueName\":\"search_term_string\"}}],\"inLanguage\":\"es\"}]}<\/script>\n<!-- \/ Yoast SEO plugin. -->","yoast_head_json":{"title":"Aviso legal - Alain","robots":{"index":"index","follow":"follow","max-snippet":"max-snippet:-1","max-image-preview":"max-image-preview:large","max-video-preview":"max-video-preview:-1"},"canonical":"https:\/\/alnupstours.com\/legal-notice\/","og_locale":"es_ES","og_type":"article","og_title":"Aviso legal - Alain","og_description":"Informaci\u00f3n Corporativa: En virtud de la Ley 34\/2002, de Servicios de la Sociedad de la Informaci\u00f3n y Comercio Electr\u00f3nico, informamos que la presente Web es propiedad de ALAIN FERNANDEZ SL, con domicilio sito en C\/ Can Prat de la Mitjavila, 2, Cam\u00f3s, Girona (17834)\u00a0y direcci\u00f3n de correo electr\u00f3nico alainfer.4@gmail.com. Protecci\u00f3n de Contenidos: Todo el contenido [&hellip;]","og_url":"https:\/\/alnupstours.com\/legal-notice\/","og_site_name":"Alain","article_modified_time":"2024-10-28T08:25:24+00:00","twitter_card":"summary_large_image","twitter_misc":{"Tiempo de lectura":"1 minuto"},"schema":{"@context":"https:\/\/schema.org","@graph":[{"@type":"WebPage","@id":"https:\/\/alnupstours.com\/legal-notice\/","url":"https:\/\/alnupstours.com\/legal-notice\/","name":"Aviso legal - Alain","isPartOf":{"@id":"https:\/\/alnupstours.com\/#website"},"datePublished":"2023-01-03T11:31:43+00:00","dateModified":"2024-10-28T08:25:24+00:00","breadcrumb":{"@id":"https:\/\/alnupstours.com\/legal-notice\/#breadcrumb"},"inLanguage":"es","potentialAction":[{"@type":"ReadAction","target":["https:\/\/alnupstours.com\/legal-notice\/"]}]},{"@type":"BreadcrumbList","@id":"https:\/\/alnupstours.com\/legal-notice\/#breadcrumb","itemListElement":[{"@type":"ListItem","position":1,"name":"Portada","item":"https:\/\/alnupstours.com\/"},{"@type":"ListItem","position":2,"name":"Aviso legal"}]},{"@type":"WebSite","@id":"https:\/\/alnupstours.com\/#website","url":"https:\/\/alnupstours.com\/","name":"Alain","description":"","potentialAction":[{"@type":"SearchAction","target":{"@type":"EntryPoint","urlTemplate":"https:\/\/alnupstours.com\/?s={search_term_string}"},"query-input":{"@type":"PropertyValueSpecification","valueRequired":true,"valueName":"search_term_string"}}],"inLanguage":"es"}]}},"_links":{"self":[{"href":"https:\/\/alnupstours.com\/es\/wp-json\/wp\/v2\/pages\/46","targetHints":{"allow":["GET"]}}],"collection":[{"href":"https:\/\/alnupstours.com\/es\/wp-json\/wp\/v2\/pages"}],"about":[{"href":"https:\/\/alnupstours.com\/es\/wp-json\/wp\/v2\/types\/page"}],"author":[{"embeddable":true,"href":"https:\/\/alnupstours.com\/es\/wp-json\/wp\/v2\/users\/1"}],"replies":[{"embeddable":true,"href":"https:\/\/alnupstours.com\/es\/wp-json\/wp\/v2\/comments?post=46"}],"version-history":[{"count":6,"href":"https:\/\/alnupstours.com\/es\/wp-json\/wp\/v2\/pages\/46\/revisions"}],"predecessor-version":[{"id":323,"href":"https:\/\/alnupstours.com\/es\/wp-json\/wp\/v2\/pages\/46\/revisions\/323"}],"wp:attachment":[{"href":"https:\/\/alnupstours.com\/es\/wp-json\/wp\/v2\/media?parent=46"}],"curies":[{"name":"wp","href":"https:\/\/api.w.org\/{rel}","templated":true}]}}